{"id":1657,"date":"2024-10-31T10:09:00","date_gmt":"2024-10-31T02:09:00","guid":{"rendered":"https:\/\/www.sabsvtruck.com\/?post_type=product&#038;p=1657"},"modified":"2024-11-08T11:59:21","modified_gmt":"2024-11-08T03:59:21","slug":"2024-fonton-4x2-3-12m-small-refrigerated-truck","status":"publish","type":"product","link":"https:\/\/www.sabsvtruck.com\/es\/2024-fonton-4x2-3-12m-small-refrigerated-truck\/","title":{"rendered":"Cami\u00f3n frigor\u00edfico peque\u00f1o FONTON 4X2 3,12 m"},"featured_media":1750,"template":"","meta":{"_acf_changed":false},"product-category":[8],"class_list":["post-1657","product","type-product","status-publish","has-post-thumbnail","hentry","product-category-refrigerated-truck"],"acf":[],"_links":{"self":[{"href":"https:\/\/www.sabsvtruck.com\/es\/wp-json\/wp\/v2\/product\/1657","targetHints":{"allow":["GET"]}}],"collection":[{"href":"https:\/\/www.sabsvtruck.com\/es\/wp-json\/wp\/v2\/product"}],"about":[{"href":"https:\/\/www.sabsvtruck.com\/es\/wp-json\/wp\/v2\/types\/product"}],"wp:featuredmedia":[{"embeddable":true,"href":"https:\/\/www.sabsvtruck.com\/es\/wp-json\/wp\/v2\/media\/1750"}],"wp:attachment":[{"href":"https:\/\/www.sabsvtruck.com\/es\/wp-json\/wp\/v2\/media?parent=1657"}],"wp:term":[{"taxonomy":"product-category","embeddable":true,"href":"https:\/\/www.sabsvtruck.com\/es\/wp-json\/wp\/v2\/product-category?post=1657"}],"curies":[{"name":"wp","href":"https:\/\/api.w.org\/{rel}","templated":true}]}}